{"id":937,"date":"2023-09-27T14:28:50","date_gmt":"2023-09-27T20:28:50","guid":{"rendered":"https:\/\/crepid.com.mx\/?page_id=937"},"modified":"2023-09-27T14:35:44","modified_gmt":"2023-09-27T20:35:44","slug":"aspectos-legales","status":"publish","type":"page","link":"https:\/\/crepid.com.mx\/index.php\/aspectos-legales\/","title":{"rendered":"Aspectos Legales"},"content":{"rendered":"\t\t<div data-elementor-type=\"wp-page\" data-elementor-id=\"937\" class=\"elementor elementor-937\" data-elementor-post-type=\"page\">\n\t\t\t\t\t\t<section class=\"elementor-section elementor-top-section elementor-element elementor-element-600aeaf elementor-section-boxed elementor-section-height-default elementor-section-height-default\" data-id=\"600aeaf\" data-element_type=\"section\" data-settings=\"{&quot;background_background&quot;:&quot;classic&quot;}\">\n\t\t\t\t\t\t<div class=\"elementor-container elementor-column-gap-default\">\n\t\t\t\t\t<div class=\"elementor-column elementor-col-100 elementor-top-column elementor-element elementor-element-9dc2964\" data-id=\"9dc2964\" data-element_type=\"column\">\n\t\t\t<div class=\"elementor-widget-wrap elementor-element-populated\">\n\t\t\t\t\t\t<div class=\"elementor-element elementor-element-af8cc26 elementor-widget elementor-widget-heading\" data-id=\"af8cc26\" data-element_type=\"widget\" data-widget_type=\"heading.default\">\n\t\t\t\t<div class=\"elementor-widget-container\">\n\t\t\t<h2 class=\"elementor-heading-title elementor-size-default\">Aspectos Legales<\/h2>\t\t<\/div>\n\t\t\t\t<\/div>\n\t\t\t\t<div class=\"elementor-element elementor-element-eccd8d7 elementor-widget elementor-widget-heading\" data-id=\"eccd8d7\" data-element_type=\"widget\" data-widget_type=\"heading.default\">\n\t\t\t\t<div class=\"elementor-widget-container\">\n\t\t\t<h2 class=\"elementor-heading-title elementor-size-default\">Consentimiento de tratamiento de datos personales<\/h2>\t\t<\/div>\n\t\t\t\t<\/div>\n\t\t\t\t\t<\/div>\n\t\t<\/div>\n\t\t\t\t\t<\/div>\n\t\t<\/section>\n\t\t\t\t<section class=\"elementor-section elementor-top-section elementor-element elementor-element-6dd7ccf elementor-section-boxed elementor-section-height-default elementor-section-height-default\" data-id=\"6dd7ccf\" data-element_type=\"section\">\n\t\t\t\t\t\t<div class=\"elementor-container elementor-column-gap-default\">\n\t\t\t\t\t<div class=\"elementor-column elementor-col-100 elementor-top-column elementor-element elementor-element-0229130\" data-id=\"0229130\" data-element_type=\"column\">\n\t\t\t<div class=\"elementor-widget-wrap elementor-element-populated\">\n\t\t\t\t\t\t<div class=\"elementor-element elementor-element-ea1fa49 elementor-widget elementor-widget-text-editor\" data-id=\"ea1fa49\" data-element_type=\"widget\" data-widget_type=\"text-editor.default\">\n\t\t\t\t<div class=\"elementor-widget-container\">\n\t\t\t\t\t\t\t<p><a name=\"_Toc185787964\"><\/a><a name=\"_Toc194407107\"><\/a><a name=\"_Toc194407312\"><\/a><a name=\"_Toc194408749\"><\/a><a name=\"_Toc197166095\"><\/a><strong>\u00a0<\/strong><\/p><p><strong>FECHA: __________________ <\/strong><\/p><p><strong>TITULAR DE LOS DATOS PERSONALES:<\/strong><\/p><p>____________________________________________________________________________<\/p><p>\u00a0<\/p><p><strong>R<\/strong><strong>ESPONSABLE DE TRATAMIENTO DE DATOS PERSONALES<\/strong>:<\/p><p>Nombre \/ raz\u00f3n social: \u00a0\u00a0\u00a0\u00a0\u00a0\u00a0 CREPID AIRE &amp; SALUD S.A. DE C.V.<\/p><p>Domicilio:\u00a0\u00a0\u00a0\u00a0\u00a0\u00a0\u00a0\u00a0\u00a0\u00a0\u00a0\u00a0\u00a0\u00a0\u00a0\u00a0\u00a0\u00a0\u00a0\u00a0\u00a0\u00a0\u00a0\u00a0\u00a0\u00a0\u00a0 Av. Miguel \u00c1ngel de Quevedo 963, Col. El Rosedal, Alcald\u00eda Coyoac\u00e1n, C.P. 04330\u00a0\u00a0\u00a0 \u00a0\u00a0\u00a0\u00a0\u00a0\u00a0\u00a0\u00a0\u00a0\u00a0\u00a0\u00a0\u00a0\u00a0<\/p><p>\u00a0<\/p><p><strong>En cumplimiento a la Ley Federal de Protecci\u00f3n de Datos Personales en Posesi\u00f3n de los Particulares (LFPDPPP) y de conformidad a su PRINCIPIO DE INFORMACI\u00d3N y CONSENTIMIENTO se establece que: <\/strong><\/p><p><strong>\u00a0<\/strong><\/p><ul><li>Todos los datos de car\u00e1cter personal, facilitados por el <strong>TITULAR DE LOS DATOS PERSONALES<\/strong>, ser\u00e1n incorporados a un <strong>Sistema de Gesti\u00f3n en Seguridad de Datos Personales<\/strong> con la finalidad de utilizarlos para el desarrollo de sus servicios prestados.<\/li><\/ul><p><strong>\u00a0<\/strong><\/p><ul><li>Los datos facilitados por el titular son actualizados, correctos y pertinentes, As\u00ed mismo son entregados de forma consentida y previamente informada por el <strong>RESPONSABLE DE TRATAMIENTO. <\/strong>Para el tratamiento de los datos personales otorgados al <strong>RESPONSABLE DE TRATAMIENTO <\/strong>y en cumplimiento a la normatividad vigente, se han adoptado todas las medidas de seguridad necesarias para garantizar la privacidad y confidencialidad de los mismos.<\/li><\/ul><p>\u00a0<\/p><ul><li>El <strong>TITULAR DE LOS DATOS PERSONALES<\/strong> hace constar con su firma que, ha le\u00eddo el Aviso de Privacidad y entendido el consentimiento otorgado para el tratamiento de datos personales y sensibles, reconociendo que no ha existido dolo, error u omisi\u00f3n y que entiende claramente el contexto y alcances de este documento. Adem\u00e1s, el titular manifiesta que:<\/li><\/ul><p>\u00a0<\/p><ul><li><strong>El TITULAR DE LOS DATOS PERSONALES<\/strong> autoriza y otorga el consentimiento al <strong>RESPONSABLE DE TRATAMIENTO<\/strong> sobre la obtenci\u00f3n, uso, resguardo, custodia, utilizaci\u00f3n para los fines descritos en el aviso de privacidad; Asi mismo de manera particular otorga el consentimiento a:<\/li><\/ul><p>\u00a0<\/p><ul><li>Otorga el consentimiento para el tratamiento de mis datos personales y\/o salud con la finalidad de diagn\u00f3stico, tratamiento e integraci\u00f3n de historia cl\u00ednica por parte de CREPID.<\/li><li>Otorga el consentimiento a CREPID con la finalidad enviar muestras a laboratorios especializados.<\/li><li>Otorga el consentimiento a CREPID con la finalidad de solicitar opiniones mediante interconsulta.<\/li><li>Otorga el consentimiento a CREPID con la finalidad atender al paciente en su domicilio.<\/li><li>Otorga el consentimiento a CREPID, con la finalidad de realizar an\u00e1lisis cl\u00ednicos, biol\u00f3gicos, qu\u00edmicos o de cualquier otra \u00edndole, sin que esto implique limitaci\u00f3n alguna, de radiograf\u00edas, electroencefalograf\u00edas, de medicina nuclear y ultrasonograf\u00eda.<\/li><li>Otorga el consentimiento a CREPID, con la finalidad de recibir an\u00e1lisis cl\u00ednicos por parte de laboratorios especializados.<\/li><\/ul><p><strong>\u00a0<\/strong><\/p><p>\u00a0<\/p><p>El <strong>RESPONSABLE DE TRATAMIENTO DE DATOS PERSONALES <\/strong>ha informado al TITULAR<strong> DE LOS DATOS PERSONALES<\/strong> que <strong>puede ejercer sus <\/strong>Derechos ARCO dirigiendo una carta al \u00a0<strong>RESPONSABLE DE TRATAMIENTO DE DATOS PERSONALES <\/strong>y entreg\u00e1ndola en el domicilio se\u00f1alado en este comunicado o enviando un correo electr\u00f3nico, indicando como Asunto \u201cDerechos ARCO\u201d y cumpliendo con los requisitos establecidos en el Aviso de Privacidad Vigente del <strong>RESPONSABLE DEL TRATAMIENTO DE DATOS PERSONALES.<\/strong><\/p><p>\u00a0<\/p><p>Una vez le\u00eddo el presente escrito y perfectamente enteradas las Partes de su contenido y alcance, no siendo ninguna de sus disposiciones contraria a la moral, al derecho ni a las buenas costumbres, y toda vez que en el mismo no existen vicios del consentimiento, est\u00e1n de acuerdo en firmarlo para todos los efectos legales, en la ciudad de M\u00e9xico.<\/p><p>\u00a0<\/p><table><tbody><tr><td width=\"299\"><p><strong>Otorgo el Consentimiento:<\/strong><\/p><p><strong>\u00a0<\/strong><\/p><p><strong>\u00a0<\/strong><\/p><p><strong>\u00a0<\/strong><\/p><p><strong>\u00a0<\/strong><\/p><p><strong>_____________________________________<\/strong><\/p><p><strong>TITULAR DE LOS DATOS PERSONALES<\/strong><\/p><\/td><td width=\"299\"><p><strong>Firma de enterado:<\/strong><\/p><p><strong>\u00a0<\/strong><\/p><p><strong>\u00a0<\/strong><\/p><p><strong>\u00a0<\/strong><\/p><p><strong>\u00a0<\/strong><\/p><p><strong>__________________________________________________<\/strong><\/p><p><strong>RESPONSABLE DE TRATAMIENTO DE DATOS PERSONALES<\/strong><\/p><p>\u00a0<\/p><\/td><\/tr><\/tbody><\/table><p>\u00a0<\/p>\t\t\t\t\t\t<\/div>\n\t\t\t\t<\/div>\n\t\t\t\t\t<\/div>\n\t\t<\/div>\n\t\t\t\t\t<\/div>\n\t\t<\/section>\n\t\t\t\t<\/div>\n\t\t","protected":false},"excerpt":{"rendered":"<p>Aspectos Legales Consentimiento de tratamiento de datos personales \u00a0 FECHA: __________________ TITULAR DE LOS DATOS PERSONALES: ____________________________________________________________________________ \u00a0 RESPONSABLE DE TRATAMIENTO DE DATOS PERSONALES: Nombre \/ raz\u00f3n social: \u00a0\u00a0\u00a0\u00a0\u00a0\u00a0 CREPID AIRE &amp; SALUD S.A. DE C.V. Domicilio:\u00a0\u00a0\u00a0\u00a0\u00a0\u00a0\u00a0\u00a0\u00a0\u00a0\u00a0\u00a0\u00a0\u00a0\u00a0\u00a0\u00a0\u00a0\u00a0\u00a0\u00a0\u00a0\u00a0\u00a0\u00a0\u00a0\u00a0 Av. Miguel \u00c1ngel de Quevedo 963, Col. El Rosedal, Alcald\u00eda Coyoac\u00e1n, C.P. 04330\u00a0\u00a0\u00a0 \u00a0\u00a0\u00a0\u00a0\u00a0\u00a0\u00a0\u00a0\u00a0\u00a0\u00a0\u00a0\u00a0\u00a0 \u00a0 En cumplimiento a [&hellip;]<\/p>\n","protected":false},"author":1,"featured_media":0,"parent":0,"menu_order":0,"comment_status":"closed","ping_status":"closed","template":"elementor_header_footer","meta":{"_joinchat":[],"footnotes":""},"class_list":["post-937","page","type-page","status-publish","hentry"],"_links":{"self":[{"href":"https:\/\/crepid.com.mx\/index.php\/wp-json\/wp\/v2\/pages\/937","targetHints":{"allow":["GET"]}}],"collection":[{"href":"https:\/\/crepid.com.mx\/index.php\/wp-json\/wp\/v2\/pages"}],"about":[{"href":"https:\/\/crepid.com.mx\/index.php\/wp-json\/wp\/v2\/types\/page"}],"author":[{"embeddable":true,"href":"https:\/\/crepid.com.mx\/index.php\/wp-json\/wp\/v2\/users\/1"}],"replies":[{"embeddable":true,"href":"https:\/\/crepid.com.mx\/index.php\/wp-json\/wp\/v2\/comments?post=937"}],"version-history":[{"count":4,"href":"https:\/\/crepid.com.mx\/index.php\/wp-json\/wp\/v2\/pages\/937\/revisions"}],"predecessor-version":[{"id":941,"href":"https:\/\/crepid.com.mx\/index.php\/wp-json\/wp\/v2\/pages\/937\/revisions\/941"}],"wp:attachment":[{"href":"https:\/\/crepid.com.mx\/index.php\/wp-json\/wp\/v2\/media?parent=937"}],"curies":[{"name":"wp","href":"https:\/\/api.w.org\/{rel}","templated":true}]}}