{"id":3,"date":"2023-05-15T22:00:45","date_gmt":"2023-05-15T22:00:45","guid":{"rendered":"https:\/\/crepid.com.mx\/?page_id=3"},"modified":"2025-12-17T18:40:45","modified_gmt":"2025-12-18T00:40:45","slug":"privacy-policy","status":"publish","type":"page","link":"https:\/\/crepid.com.mx\/index.php\/privacy-policy\/","title":{"rendered":"Aviso de privacidad"},"content":{"rendered":"\t\t<div data-elementor-type=\"wp-page\" data-elementor-id=\"3\" class=\"elementor elementor-3\" data-elementor-post-type=\"page\">\n\t\t\t\t\t\t<section class=\"elementor-section elementor-top-section elementor-element elementor-element-23e8585 elementor-section-boxed elementor-section-height-default elementor-section-height-default\" data-id=\"23e8585\" data-element_type=\"section\" data-settings=\"{&quot;background_background&quot;:&quot;classic&quot;}\">\n\t\t\t\t\t\t<div class=\"elementor-container elementor-column-gap-default\">\n\t\t\t\t\t<div class=\"elementor-column elementor-col-100 elementor-top-column elementor-element elementor-element-5e8e7db\" data-id=\"5e8e7db\" data-element_type=\"column\">\n\t\t\t<div class=\"elementor-widget-wrap elementor-element-populated\">\n\t\t\t\t\t\t<div class=\"elementor-element elementor-element-4d86817 elementor-widget elementor-widget-heading\" data-id=\"4d86817\" data-element_type=\"widget\" data-widget_type=\"heading.default\">\n\t\t\t\t<div class=\"elementor-widget-container\">\n\t\t\t<h2 class=\"elementor-heading-title elementor-size-default\">Aviso de Privacidad Integral<\/h2>\t\t<\/div>\n\t\t\t\t<\/div>\n\t\t\t\t\t<\/div>\n\t\t<\/div>\n\t\t\t\t\t<\/div>\n\t\t<\/section>\n\t\t\t\t<section class=\"elementor-section elementor-top-section elementor-element elementor-element-3dffebb9 elementor-section-boxed elementor-section-height-default elementor-section-height-default\" data-id=\"3dffebb9\" data-element_type=\"section\">\n\t\t\t\t\t\t<div class=\"elementor-container elementor-column-gap-default\">\n\t\t\t\t\t<div class=\"elementor-column elementor-col-100 elementor-top-column elementor-element elementor-element-69371a0f\" data-id=\"69371a0f\" data-element_type=\"column\">\n\t\t\t<div class=\"elementor-widget-wrap elementor-element-populated\">\n\t\t\t\t\t\t<div class=\"elementor-element elementor-element-e7952f4 elementor-widget elementor-widget-text-editor\" data-id=\"e7952f4\" data-element_type=\"widget\" data-widget_type=\"text-editor.default\">\n\t\t\t\t<div class=\"elementor-widget-container\">\n\t\t\t\t\t\t\t<p><strong>Perfil \u201cPacientes\u201d<\/strong><\/p><p><strong>FUNDAMENTO LEGAL<\/strong><\/p><p>El presente <strong>Aviso de Privacidad<\/strong> (aviso) se emite en cumplimiento por lo dispuesto por el art\u00edculo 15 y 17 de la <strong>Nueva Ley Federal de Protecci\u00f3n de Datos Personales en Posesi\u00f3n de los Particulares<\/strong> (LFPDPPP), de los Lineamientos del Aviso de Privacidad en sus art\u00edculos 6, 9,11 y 17\u00a0 y del art\u00edculo 23, 25 y 31 de su Reglamento <strong>(Principio de Informaci\u00f3n). <\/strong><\/p><p><strong>DATOS DEL RESPONSABLE<\/strong><\/p><p><strong>CREPID AIRE &amp; SALUD S.A. DE C.V. <\/strong>que se identifica con el nombre comercial <strong>CREPID<\/strong> con domicilio en <strong>Av. Miguel \u00c1ngel de Quevedo 963, Colonia El Rosedal, Alcald\u00eda Coyoac\u00e1n, C.P. 04330<\/strong><strong>; <\/strong>es responsable del tratamiento de sus datos personales conforme a este Aviso de Privacidad.<\/p><p><strong>Datos de Contacto<\/strong><strong>:<\/strong> <strong>Departamento de Protecci\u00f3n de Datos:<\/strong><\/p><p>\u00a0<\/p><table><tbody><tr><td width=\"175\"><p><strong>Responsable<\/strong><\/p><\/td><td width=\"496\"><p><strong>CREPID<\/strong><\/p><\/td><\/tr><tr><td width=\"175\"><p><strong>Oficial de Protecci\u00f3n de Datos Personales<\/strong><\/p><\/td><td width=\"496\"><p>Depto. de Proteccion de Datos Personales<\/p><\/td><\/tr><tr><td width=\"175\"><p><strong>Tel\u00e9fono<\/strong><\/p><\/td><td width=\"496\"><p>55 7694 4772<\/p><\/td><\/tr><tr><td width=\"175\"><p><strong>Correo Electr\u00f3nico<\/strong><\/p><\/td><td width=\"496\"><p>contacto@crepid.com.mx<\/p><\/td><\/tr><\/tbody><\/table><p><strong>\u00bfC\u00d3MO GARANTIZAMOS LA SEGURIDAD Y \u00a0EL TRATAMIENTO DE SUS DATOS PERSONALES?<\/strong><\/p><p><strong>\u00a0<\/strong><\/p><p><strong>Mediante un Programa Integral de Cumplimiento<\/strong><\/p><p><strong>\u00a0<\/strong><\/p><p>De conformidad a lo dispuesto al art\u00edculo 18 de la Nueva Ley NLFPDPPP, en lo dispuesto al art\u00edculo 57 del Reglamento \u00a0y siguiendo las recomendaciones publicadas en el DOF\u00a0 el 30 de octubre de 2013 sobre las recomendaciones en materia de <strong>seguridad de datos personales<\/strong> hemos implementado \u00a0<strong>Sistema de Gesti\u00f3n de Seguridad de Datos Personales (SGSDP) <\/strong>con la finalidad de asegurar el tratamiento correcto de sus datos personales y poder garantizar el cumplimiento de los <strong>Principios Rectores<\/strong> de la Ley, \u00a0la <strong>Confidencialidad<\/strong>, el <strong>Deber de Seguridad<\/strong> y la atenci\u00f3n a sus <strong>Derechos ARCO,<\/strong><\/p><p><strong>\u00bfQU\u00c9 DATOS PERSONALES RECABAMOS Y PARA QUE FINES?<\/strong><\/p><p><strong>CREPID <\/strong>efectuar\u00e1 el correcto tratamiento de sus \u201c<strong>Datos Personales y Sensibles \u00ab<\/strong> que sean necesarios para la adecuada prestaci\u00f3n de sus servicios de salud \u00a0ya sea, (i) directa o personalmente (ii) correo electr\u00f3nico (o) a trav\u00e9s de su formulario de contacto en su p\u00e1gina oficial web <strong>www.crepid.com.mx<\/strong>, v\u00eda telef\u00f3nica y\/o a trav\u00e9s de nuestro de las historias cl\u00ednicas. Con el fin de cumplir con los principios, deberes y obligaciones establecidos en las leyes vigentes que regulan la protecci\u00f3n de datos personales. Es importante mencionar que los datos recabados son tratados a trav\u00e9s de sus Sistemas<strong> Administrativos, de Gesti\u00f3n y Control Interno.<\/strong><\/p>\t\t\t\t\t\t<\/div>\n\t\t\t\t<\/div>\n\t\t\t\t\t<\/div>\n\t\t<\/div>\n\t\t\t\t\t<\/div>\n\t\t<\/section>\n\t\t\t\t<section class=\"elementor-section elementor-top-section elementor-element elementor-element-b5b6847 elementor-section-boxed elementor-section-height-default elementor-section-height-default\" data-id=\"b5b6847\" data-element_type=\"section\">\n\t\t\t\t\t\t<div class=\"elementor-container elementor-column-gap-default\">\n\t\t\t\t\t<div class=\"elementor-column elementor-col-100 elementor-top-column elementor-element elementor-element-54c77f8\" data-id=\"54c77f8\" data-element_type=\"column\">\n\t\t\t<div class=\"elementor-widget-wrap elementor-element-populated\">\n\t\t\t\t\t\t<div class=\"elementor-element elementor-element-1565dd5 elementor-widget elementor-widget-text-editor\" data-id=\"1565dd5\" data-element_type=\"widget\" data-widget_type=\"text-editor.default\">\n\t\t\t\t<div class=\"elementor-widget-container\">\n\t\t\t\t\t\t\t<p><strong>Dichos datos personales incluyen las siguientes categor\u00edas: <\/strong><\/p><ol><li>Datos de identificaci\u00f3n y contacto<\/li><\/ol><p><strong>\u00a0<\/strong><\/p><p>Por su parte el titular declara que sus datos personales otorgados son exactos, aut\u00e9nticos y completos, dando consentimiento a verificar la veracidad de los mismos.\u00a0<\/p><p><strong>Finalidades Primarias: <\/strong><\/p><ol><li>Identificaci\u00f3n y contacto<\/li><li>Atenci\u00f3n de consulta medica<\/li><li>Valoraci\u00f3n Neumolog\u00eda<\/li><li>Pruebas de Funci\u00f3n Pulmonar<\/li><li>Orden de Estudios<\/li><li>Toma de muestras en sitio y\/o laboratorios convenio<\/li><li>Tomograf\u00edas<\/li><li>Interpretaci\u00f3n de resultados<\/li><li>Entrega de resultados a paciente, medico tratante y persona autorizada<\/li><li>Interconsulta especializada<\/li><li>Vinculaci\u00f3n especializada en tratamiento<\/li><li>Integraci\u00f3n de expediente cl\u00ednico<\/li><li>Atenci\u00f3n y gesti\u00f3n a las solicitudes de sus Derechos ARCOP<\/li><li>Pruebas de laboratorio en Fibrosis Pulmonar Idiop\u00e1tica<\/li><li>An\u00e1lisis cl\u00ednicos, biol\u00f3gicos, qu\u00edmicos o de cualquier otra \u00edndole, sin que esto implique limitaci\u00f3n alguna, de radiograf\u00edas, electroencefalograf\u00edas, de medicina nuclear y ultrasonograf\u00eda.<\/li><li>Conservar su Informaci\u00f3n para el cumplimiento de las disposiciones legales y requerimientos de Diversas autoridades regulatorias.<\/li><\/ol><p>\u00a0<\/p><p><strong>DATOS SENSIBLES<\/strong><\/p><p><strong>CREPID <\/strong>para cumplir las finalidades previstas en este Aviso de Privacidad <strong><u>Si<\/u><\/strong> recabar\u00e1 y tratar\u00e1 datos sensibles. De salud \u00a0o convenientes para los fines arriba se\u00f1alados y ser\u00e1n mantenidos y tratados con estricta seguridad y confidencialidad para fines relacionados con la prestaci\u00f3n de servicios se\u00f1alados en este <strong>Aviso de Privacidad Integral<\/strong> y la legislaci\u00f3n en materia de protecci\u00f3n de datos, as\u00ed como sus reglamentos y normativa aplicable.<\/p><ul><li>Datos de Sensibles<\/li><\/ul><ul><li>Datos de Salud<\/li><li>Datos obtenidos en las historias cl\u00ednicas<\/li><li>Datos obtenidos en estudios de laboratorio<\/li><li>Datos obtenidos en estudios a la salud<\/li><\/ul><p>\u00a0<\/p><p><strong>CONSENTIMIENTO DE TITULAR<\/strong><\/p><p><strong>\u00a0<\/strong><\/p><ul><li>Habi\u00e9ndose puesto a disposici\u00f3n del <strong>Titular<\/strong> este Aviso de Privacidad y sus actualizaciones, ya sea personalmente o a trav\u00e9s de la p\u00e1gina de internet o de otros medios, y no habiendo manifestado inmediatamente oposici\u00f3n alguna, se entender\u00e1 que el titular ha consentido t\u00e1citamente el tratamiento de sus datos.<\/li><li>Si el <strong>Titular<\/strong> proporcion\u00f3 sus datos verbalmente, f\u00edsicamente, por escrito, por medios electr\u00f3nicos, \u00f3pticos o por cualquier otra tecnolog\u00eda, o por signos inequ\u00edvocos, se entender\u00e1 que ha dado su consentimiento expreso del uso de dicha informaci\u00f3n.<\/li><\/ul>\t\t\t\t\t\t<\/div>\n\t\t\t\t<\/div>\n\t\t\t\t\t<\/div>\n\t\t<\/div>\n\t\t\t\t\t<\/div>\n\t\t<\/section>\n\t\t\t\t<section class=\"elementor-section elementor-top-section elementor-element elementor-element-cb42c9e elementor-section-boxed elementor-section-height-default elementor-section-height-default\" data-id=\"cb42c9e\" data-element_type=\"section\">\n\t\t\t\t\t\t<div class=\"elementor-container elementor-column-gap-default\">\n\t\t\t\t\t<div class=\"elementor-column elementor-col-100 elementor-top-column elementor-element elementor-element-f759445\" data-id=\"f759445\" data-element_type=\"column\">\n\t\t\t<div class=\"elementor-widget-wrap elementor-element-populated\">\n\t\t\t\t\t\t<div class=\"elementor-element elementor-element-8b20949 elementor-widget elementor-widget-text-editor\" data-id=\"8b20949\" data-element_type=\"widget\" data-widget_type=\"text-editor.default\">\n\t\t\t\t<div class=\"elementor-widget-container\">\n\t\t\t\t\t\t\t<p><strong>\u00bfCON QUI\u00c9N COMPARTIMOS SU INFORMACI\u00d3N PERSONAL Y PARA QU\u00c9 FINES?<\/strong><\/p><p><strong>TRANSFERENCIAS <\/strong><\/p><p><strong>El Responsable<\/strong> hace del conocimiento del Titular que los datos personales pueden ser remitidos dentro y fuera del pa\u00eds, con el objeto de dar cumplimiento a las obligaciones jur\u00eddicas y\/o comerciales, para lo cual hemos celebrado o celebraremos diversos acuerdos comerciales tanto en territorio nacional como en el extranjero. Los receptores de los datos personales est\u00e1n obligados a mantener las medidas previstas por la Legislaci\u00f3n aplicable, el contrato correspondiente, as\u00ed\u0301 como por el presente <strong>Aviso de Privacidad<\/strong>, los datos personales suministrados por el Responsable.<\/p><p>Aunado a lo anterior, se hace de su conocimiento que en podremos trasferir datos personales a petici\u00f3n de las autoridades competentes con la finalidad de atender requerimientos que est\u00e9n debidamente fundados, motivados y con un mandato legal.<\/p><p>Ante este escenario hacemos de su conocimiento que dentro de los terceros a los que se transferir\u00e1n dichos datos se incluyen dependencias de gobierno, as\u00ed como a cualquier empresa del mismo grupo o aquellos que <strong>CREPID<\/strong> considere necesario o conveniente comunicar por una relaci\u00f3n contractual de atenci\u00f3n a titulares de los datos personales; esta comunicaci\u00f3n se da manteniendo su estricta confidencialidad y responsabilidad entre las partes involucradas. Si usted no manifiesta su oposici\u00f3n para que sus datos sean transferidos, se entender\u00e1 que ha otorgado su consentimiento expreso y en su caso por escrito que ser\u00e1 puesto a disposici\u00f3n por correo electr\u00f3nico o f\u00edsicamente en nuestras instalaciones.<\/p><table width=\"100%\"><tbody><tr><td width=\"28%\"><p><strong>Nombre transferencia<\/strong><\/p><\/td><td width=\"12%\"><p><strong>Pa\u00eds<\/strong><\/p><\/td><td width=\"26%\"><p><strong>Finalidad<\/strong><\/p><\/td><td width=\"33%\"><p><strong>Tipo<\/strong><\/p><\/td><\/tr><tr><td width=\"28%\"><p>SAT<\/p><\/td><td width=\"12%\"><p>M\u00e9xico<\/p><\/td><td width=\"26%\"><p>Cumplimiento Fiscal<\/p><\/td><td width=\"33%\"><p>Datos Fiscales<\/p><\/td><\/tr><tr><td width=\"28%\"><p>QUEST DIAGNOSTICS M\u00c9XICO<\/p><\/td><td width=\"12%\"><p>M\u00e9xico<\/p><\/td><td width=\"26%\"><p>Diagn\u00f3stico y Tratamiento<\/p><\/td><td width=\"33%\"><p>Datos de Salud<\/p><\/td><\/tr><tr><td width=\"28%\"><p>BOEHRINGER INGELHEIM M\u00c9XICO<\/p><\/td><td width=\"12%\"><p>M\u00e9xico<\/p><\/td><td width=\"26%\"><p>Diagn\u00f3stico y Tratamiento<\/p><\/td><td width=\"33%\"><p>Datos de Salud<\/p><\/td><\/tr><\/tbody><\/table><p><strong>\u00a0<\/strong><\/p><p><strong>VENTANILLA DE ATENCION A DUDAS Y QUEJAS<\/strong><\/p><p>Si el titular de los datos personales desea interponer una duda o queja relacionada con el tratamiento de sus datos personales por parte de <strong>CREPID<\/strong>, podr\u00e1 hacerlo dirigi\u00e9ndose directamente al <strong>Departamento de Protecci\u00f3n de Datos Personales<\/strong>. Para ello, puede enviar su reclamaci\u00f3n o consulta por escrito al domicilio del responsable indicado en este Aviso de Privacidad, o bien a trav\u00e9s de correo electr\u00f3nico, especificando claramente el motivo de la duda o inconformidad y proporcionando la informaci\u00f3n necesaria para identificar el caso.<\/p><p>El Departamento de Protecci\u00f3n de Datos Personales de CREPID atender\u00e1 todas las dudas y quejas recibidas, y brindar\u00e1 una respuesta formal en un plazo de 15 dias h\u00e1biles a partir de haber sido recibida la solicitud. As\u00ed mismo, se recomienda adjuntar los hechos y documentaci\u00f3n que respalde la solicitud para facilitar el proceso de revisi\u00f3n y resoluci\u00f3n.<\/p><p>\u00a0<\/p><p><strong>MEDIOS PARA EJERCER DERECHOS ARCO <\/strong><\/p><p><strong>\u00bfC\u00f3mo puede acceder, rectificar o cancelar sus datos personales, u oponerse a su uso? <\/strong><\/p><p>Usted tiene derecho a conocer qu\u00e9 datos personales tenemos de usted, para qu\u00e9 los utilizamos y las condiciones del uso que les damos (<strong>Acceso<\/strong>), as\u00ed mismo, es su derecho solicitar la correcci\u00f3n de su informaci\u00f3n personal en caso de que est\u00e9 desactualizada, sea inexacta o incompleta (<strong>Rectificaci\u00f3n<\/strong>); que la eliminemos de nuestros registros o bases de datos cuando considere que la misma no est\u00e1 siendo utilizada conforme a los principios, deberes y obligaciones previstas en la normativa (<strong>Cancelaci\u00f3n<\/strong>); as\u00ed como oponerse al uso de sus datos personales para fines espec\u00edficos (<strong>Oposici\u00f3n<\/strong>). Estos derechos se conocen como <strong>Derechos ARCO.<\/strong><\/p><p><strong>Para el ejercicio de cualquiera de los derechos ARCO, <\/strong>usted deber\u00e1 presentar la solicitud respectiva en el domicilio del responsable descrito en este Aviso de Privacidad por medio de un escrito libre o formato de derecho <strong>ARCO <\/strong>dirigida a nuestro <strong>Departamento de Protecci\u00f3n de Datos Personales<\/strong> de lunes a viernes de <strong>09:00 a 18:00hs<\/strong> solicit\u00e1ndole sus derechos a ejercer.<\/p><p>Adicionalmente le solicitamos que presente la siguiente informaci\u00f3n y adjunte los documentos que se enlistan a continuaci\u00f3n en original y copia:<\/p><ol><li>Nombre del titular<\/li><li>Domicilio de titular o direcci\u00f3n de correo electr\u00f3nico para comunicar respuesta a solicitud<\/li><li>Documentos que acrediten identidad o autorizaci\u00f3n para representarlo en la solicitud.<\/li><li>Descripci\u00f3n de datos personales sobre los que se pretende ejercer alg\u00fan derecho ARCO<\/li><li>Cualquier otro elemento que permita la localizaci\u00f3n de los datos personales y atenci\u00f3n a la solicitud<\/li><\/ol><p>\u00a0<\/p><p>Para conocer el procedimiento y requisitos para el ejercicio de los <strong>Derechos ARCO<\/strong>, usted podr\u00e1 llamar al siguiente n\u00famero telef\u00f3nico <strong>55 7694 4772 <\/strong>o bien ponerse en contacto con nuestro <strong>Departamento de Protecci\u00f3n de Datos Personales<\/strong>, que dar\u00e1 tr\u00e1mite a las solicitudes para el ejercicio de estos derechos, y atender\u00e1 cualquier duda que pudiera tener respecto al tratamiento de su informaci\u00f3n.<\/p>\t\t\t\t\t\t<\/div>\n\t\t\t\t<\/div>\n\t\t\t\t\t<\/div>\n\t\t<\/div>\n\t\t\t\t\t<\/div>\n\t\t<\/section>\n\t\t\t\t<section class=\"elementor-section elementor-top-section elementor-element elementor-element-72851d5 elementor-section-boxed elementor-section-height-default elementor-section-height-default\" data-id=\"72851d5\" data-element_type=\"section\">\n\t\t\t\t\t\t<div class=\"elementor-container elementor-column-gap-default\">\n\t\t\t\t\t<div class=\"elementor-column elementor-col-100 elementor-top-column elementor-element elementor-element-731275a\" data-id=\"731275a\" data-element_type=\"column\">\n\t\t\t<div class=\"elementor-widget-wrap elementor-element-populated\">\n\t\t\t\t\t\t<div class=\"elementor-element elementor-element-596bf69 elementor-widget elementor-widget-text-editor\" data-id=\"596bf69\" data-element_type=\"widget\" data-widget_type=\"text-editor.default\">\n\t\t\t\t<div class=\"elementor-widget-container\">\n\t\t\t\t\t\t\t<p><strong>LIMITACI\u00d3N DE USO Y DIVULGACI\u00d3N DE DATOS PERSONALES<\/strong><\/p><p>El responsable y\/o sus Encargados conservar\u00e1n los datos personales durante el tiempo que marca \u00a0normatividad vigente para \u00a0procesar sus solicitudes de informaci\u00f3n, productos y\/o servicios, as\u00ed como para mantener los registros contables, financieros y de auditoria en t\u00e9rminos de la LFPDPPP y de la legislaci\u00f3n mercantil, fiscal y administrativa vigente. Adem\u00e1s de controlar la divulgaci\u00f3n de dichos datos o informaci\u00f3n de socios comerciales.<\/p><p>Usted o su representante legal debidamente acreditado podr\u00e1n limitar el uso o divulgaci\u00f3n de sus datos personales a trav\u00e9s de los mismos medios y procedimientos dispuestos para el ejercicio de los Derechos <strong>ARCO<\/strong>. Una vez que su solicitud resulte procedente, ser\u00e1 registrado en el listado de exclusi\u00f3n dispuesto por <strong>CREPID <\/strong>con la finalidad de que usted deje de recibir informaci\u00f3n relativa a campa\u00f1as publicitarias o de mercadotecnia.<\/p><p><strong>Con objeto de que usted pueda limitar el uso y divulgaci\u00f3n de su informaci\u00f3n personal, le ofrecemos los siguientes medios:<\/strong><\/p><ul><li>Solicitar su registro al listado de limitaci\u00f3n de uso con la finalidad de que sus datos personales no sean tratados para fines mercadot\u00e9cnicos, publicitarios o de prospecci\u00f3n comercial por nuestra parte. Para mayor informaci\u00f3n llamar al n\u00famero <strong>55 7694 4772 <\/strong>o enviar un correo electr\u00f3nico a: <strong>contacto@crepid.com.mx<\/strong> o notificaci\u00f3n por escrito entregado en el domicilio del responsable.<\/li><\/ul><p><strong>\u00a0<\/strong><\/p><p><strong>NOTIFICACI\u00d3N DE CAMBIOS AL AVISO DE PRIVACIDAD<\/strong><\/p><p><strong>El presente aviso de privacidad puede sufrir modificaciones, cambios o actualizaciones derivadas de nuevos requerimientos legales, de nuestras propias necesidades por los productos o servicios que ofrecemos, de nuestras pr\u00e1cticas de privacidad; de cambios en nuestro modelo de negocio, o por otras causas <\/strong>y podr\u00e1 ser modificado en cualquier momento para cumplir con actualizaciones legislativas, jurisprudenciales, pol\u00edticas internas, nuevos requisitos para la prestaci\u00f3n de servicios de <strong>CREPID <\/strong>o cualquier otra causa a entera discreci\u00f3n. En tal caso las modificaciones estar\u00e1n disponibles en las oficinas se\u00f1aladas en este aviso y a trav\u00e9s de nuestro sitio web: <strong>www.crepid.com.mx<\/strong><\/p><p>Este aviso de privacidad esta actualizado con base a la nueva reforma de protecci\u00f3n de datos personales publicada en el Diario Oficial de la Federaci\u00f3n el 20 de marzo del 2025 conocida ahora en sus siglas NLFPDPPP, As\u00ed mismo, \u00a0se hace de conocimiento que la nueva autoridad es la Secretaria de Anticorrupci\u00f3n y Buen Gobierno.<\/p><p>\u00a0<\/p><p>\u00a0\u00a0 Fecha de \u00faltima actualizaci\u00f3n: <strong>DICIEMBRE\u00a0 2025.<\/strong><\/p>\t\t\t\t\t\t<\/div>\n\t\t\t\t<\/div>\n\t\t\t\t\t<\/div>\n\t\t<\/div>\n\t\t\t\t\t<\/div>\n\t\t<\/section>\n\t\t\t\t<\/div>\n\t\t","protected":false},"excerpt":{"rendered":"<p>Aviso de Privacidad Integral Perfil \u201cPacientes\u201d FUNDAMENTO LEGAL El presente Aviso de Privacidad (aviso) se emite en cumplimiento por lo dispuesto por el art\u00edculo 15 y 17 de la Nueva Ley Federal de Protecci\u00f3n de Datos Personales en Posesi\u00f3n de los Particulares (LFPDPPP), de los Lineamientos del Aviso de Privacidad en sus art\u00edculos 6, 9,11 [&hellip;]<\/p>\n","protected":false},"author":1,"featured_media":0,"parent":0,"menu_order":0,"comment_status":"closed","ping_status":"closed","template":"elementor_header_footer","meta":{"_joinchat":[],"footnotes":""},"class_list":["post-3","page","type-page","status-publish","hentry"],"_links":{"self":[{"href":"https:\/\/crepid.com.mx\/index.php\/wp-json\/wp\/v2\/pages\/3","targetHints":{"allow":["GET"]}}],"collection":[{"href":"https:\/\/crepid.com.mx\/index.php\/wp-json\/wp\/v2\/pages"}],"about":[{"href":"https:\/\/crepid.com.mx\/index.php\/wp-json\/wp\/v2\/types\/page"}],"author":[{"embeddable":true,"href":"https:\/\/crepid.com.mx\/index.php\/wp-json\/wp\/v2\/users\/1"}],"replies":[{"embeddable":true,"href":"https:\/\/crepid.com.mx\/index.php\/wp-json\/wp\/v2\/comments?post=3"}],"version-history":[{"count":43,"href":"https:\/\/crepid.com.mx\/index.php\/wp-json\/wp\/v2\/pages\/3\/revisions"}],"predecessor-version":[{"id":1252,"href":"https:\/\/crepid.com.mx\/index.php\/wp-json\/wp\/v2\/pages\/3\/revisions\/1252"}],"wp:attachment":[{"href":"https:\/\/crepid.com.mx\/index.php\/wp-json\/wp\/v2\/media?parent=3"}],"curies":[{"name":"wp","href":"https:\/\/api.w.org\/{rel}","templated":true}]}}